{"id":92,"date":"2018-09-01T15:21:58","date_gmt":"2018-09-01T15:21:58","guid":{"rendered":"http:\/\/akadesign.pl\/wordpress\/?page_id=92"},"modified":"2018-09-04T21:56:06","modified_gmt":"2018-09-04T21:56:06","slug":"portfolio","status":"publish","type":"page","link":"https:\/\/www.akadesign.com.pl\/index.php\/portfolio\/","title":{"rendered":"Portfolio"},"content":{"rendered":"<p style=\"text-align: justify;\">Zdj\u0119cia naszych zrealizowanych projekt\u00f3w podzielili\u015bmy na 6 kategorii:<\/p>\n<ol style=\"text-align: justify;\">\n<li>sklepy: butiki, odzie\u017cowe sklepy wielkopowierzchniowe, Centra Handlowe,\u00a0 sklepy jubilerskie, perfumerie, stoiska handlowe, kwiaciarnie, sklepy obuwnicze<\/li>\n<li>biura: obiekty komercyjne i przemys\u0142owe<\/li>\n<li>przestrzenie mieszkalne: domy wolnostoj\u0105ce, rezydencje, domy szeregowe, bli\u017aniaki, mieszkani\u00f3wka, mieszkania prywatne, \u0142azienki i kuchnie<\/li>\n<li>eventy: projekty scenografii, stoiska targowe<\/li>\n<li>powierzchnie us\u0142ugowe: gabinety kosmetyczne, zak\u0142ady fryzjerskie, gabinety dentystyczne<\/li>\n<li>konkursy<\/li>\n<\/ol>\n<p style=\"text-align: justify;\">Prosz\u0119 skorzystaj z g\u00f3rnego menu kategorii. Mi\u0142ego ogl\u0105dania!<\/p>\n","protected":false},"excerpt":{"rendered":"<p>Zdj\u0119cia naszych zrealizowanych projekt\u00f3w podzielili\u015bmy na 6 kategorii: sklepy: butiki, odzie\u017cowe sklepy wielkopowierzchniowe, Centra Handlowe,\u00a0 sklepy jubilerskie, perfumerie, stoiska handlowe, kwiaciarnie, sklepy obuwnicze biura: obiekty komercyjne i przemys\u0142owe przestrzenie mieszkalne: domy wolnostoj\u0105ce, rezydencje, domy szeregowe, bli\u017aniaki, mieszkani\u00f3wka, mieszkania prywatne, \u0142azienki i kuchnie eventy: projekty scenografii, stoiska targowe powierzchnie us\u0142ugowe: gabinety kosmetyczne, zak\u0142ady fryzjerskie, gabinety dentystyczne &hellip; <\/p>\n<p class=\"link-more\"><a href=\"https:\/\/www.akadesign.com.pl\/index.php\/portfolio\/\" class=\"more-link\">Czytaj dalej<span class=\"screen-reader-text\"> \u201ePortfolio\u201d<\/span><\/a><\/p>\n","protected":false},"author":1,"featured_media":0,"parent":0,"menu_order":0,"comment_status":"closed","ping_status":"closed","template":"","meta":{"footnotes":""},"_links":{"self":[{"href":"https:\/\/www.akadesign.com.pl\/index.php\/wp-json\/wp\/v2\/pages\/92"}],"collection":[{"href":"https:\/\/www.akadesign.com.pl\/index.php\/wp-json\/wp\/v2\/pages"}],"about":[{"href":"https:\/\/www.akadesign.com.pl\/index.php\/wp-json\/wp\/v2\/types\/page"}],"author":[{"embeddable":true,"href":"https:\/\/www.akadesign.com.pl\/index.php\/wp-json\/wp\/v2\/users\/1"}],"replies":[{"embeddable":true,"href":"https:\/\/www.akadesign.com.pl\/index.php\/wp-json\/wp\/v2\/comments?post=92"}],"version-history":[{"count":17,"href":"https:\/\/www.akadesign.com.pl\/index.php\/wp-json\/wp\/v2\/pages\/92\/revisions"}],"predecessor-version":[{"id":846,"href":"https:\/\/www.akadesign.com.pl\/index.php\/wp-json\/wp\/v2\/pages\/92\/revisions\/846"}],"wp:attachment":[{"href":"https:\/\/www.akadesign.com.pl\/index.php\/wp-json\/wp\/v2\/media?parent=92"}],"curies":[{"name":"wp","href":"https:\/\/api.w.org\/{rel}","templated":true}]}}