{"id":868,"date":"2018-09-04T22:25:55","date_gmt":"2018-09-04T22:25:55","guid":{"rendered":"http:\/\/akadesign.pl\/wordpress\/?page_id=868"},"modified":"2018-09-05T16:06:37","modified_gmt":"2018-09-05T16:06:37","slug":"su-di-noi","status":"publish","type":"page","link":"https:\/\/www.akadesign.com.pl\/index.php\/it\/su-di-noi\/","title":{"rendered":"Su di noi"},"content":{"rendered":"<p style=\"text-align: justify;\"><span id=\"result_box\" class=\"\" lang=\"it\"><span title=\"AKA design powsta\u0142o w 2004 roku, za\u0142o\u017cone przez 3 projektantki, kt\u00f3re rok wcze\u015bniej odesz\u0142y z Bemarc Architekci, firmy realizuj\u0105cej w tamtym okresie projekty du\u017cych sieci sklep\u00f3w \u201eCarry\u201d, \u201eHouse of Colours\u201d, \u201eNew Yorker\u201d czy \u201eReserved\u201d.\">AKA Design \u00e8 stato fondato nel 2004 dalle 3 designer che l&#8217;anno prima hanno lasciato\u00a0 BEMARC Architekci, l&#8217;ufficio architettonico che in questo periodo effetuava i progetti delle grande catene di negozi delle marche polacche e tedesche come &#8222;Carry&#8221;, &#8222;House of Colours&#8221;, &#8222;New Yorker&#8221;, &#8222;Sanset Suits&#8221; o &#8222;Riserved&#8221;. <\/span><span title=\"Realizacje projekt\u00f3w z tego okresu przyci\u0105gn\u0119\u0142y po raz pierwszy zainteresowanie medi\u00f3w, w presti\u017cowym miesi\u0119czniku \u201eArchitektura\u201d 9\/2001 ukaza\u0142 si\u0119 wtedy artyku\u0142 \u201eDyskretny urok elegancji\u201d, w kt\u00f3rym umieszczono zdj\u0119cia sklep\u00f3w \u201eCarry\u201d. \">I loro progetti di questo periodo hanno attirato l&#8217;attenzione dei media per la prima volta: la prestigiosa rivista polacca &#8222;Architektura&#8221; 9\/2001 ha pubblicato un articolo intitolato &#8222;Il discreto fascino di eleganza&#8221;, con le foto del boutique &#8222;Carry&#8221;.<br \/>\n<\/span><span title=\"W 2004, \u015bwietnie oceniane autorskie stoisko dla Galerii LEGE z meblami AKA design przyci\u0105gn\u0119\u0142o zainteresowanie producenta telewizyjnego.\">Nel 2004, l&#8217;eccellente stand per Galeria LEGE progettato da Joanna Bartkowiak con i mobili di AKA\u00a0design ha attirato l&#8217;interesse del produttore televisivo. <\/span><span title=\"W 2004 i 2005 roku biuro zaprojektowa\u0142o dwa studia telewizyjne TV Biznes najpierw w Poznaniu, nast\u0119pnie w Warszawie, a od sierpnia 2009 do wrze\u015bnia 2010 roku jego projekty by\u0142y bohaterami program\u00f3w telewizyjnych \u201e4 \u015bciany\u201d oraz dw\u00f3ch edycji \u201eApartament\u00f3w Gwiazd\u201d z udzia\u0142em m.in\">Nel 2004 e 2005 l&#8217;ufficio ha progettato due studi televisivi TV Biznes, in primo luogo a Poznan, poi a Varsavia, e da agosto 2009 a settembre 2010 i suoi disegni erano in onda sui programmi televisivi &#8222;4 mura&#8221; e due edizioni di &#8222;Appartamenti delle Stelle&#8221; con la partecipazione dei\u00a0<span id=\"result_box\" class=\"short_text\" lang=\"it\"><span class=\"alt-edited\">celebrities<\/span><\/span> polacchi come il regista<\/span> <span title=\"Filipa Bajona czy Waldemara Nogalskiego. \">Filip Bajon o vincintore della medaglia d&#8217;oro olimpica Waldemar Nogalski.<\/span><\/span><\/p>\n<p style=\"text-align: justify;\"><span title=\"W 2018 roku nak\u0142adem stowarzyszenia kulturalnego I.M.IDE.\">Nel 2018, Joanna Bartkowiak durante un breve stage all&#8217;Universit\u00e0 degli Studi di Catania in Sicilia collabora con la Facolt\u00e0 di Architettura a Siracusa assistendo il professor Vittorio Fiore durante le lezioni della scenografia e la preparazione della mostra retrospettiva del teatro antico di Siracusa intitolata &#8222;Antica Mirabilia&#8221;. Nello stesso periodo dall&#8217;associazione culturale I.M.IDE. esce <\/span><span title=\"ukaza\u0142a si\u0119 ksi\u0105\u017cka wsp\u00f3\u0142autorstwa Joanny Bartkowiak \u201eU Cussu.\">un libro: &#8222;U Cussu. <\/span><span title=\"Luoghi e racconti identitari del quartiere Antico Corso di Catania\u201d opisuj\u0105ca koncepcj\u0119 i proces rewitalizacji najstarszej dzielnicy Katanii (Sycylia). \">Luoghi e racconti identitari del quartiere Antico Corso di Catania &#8222;che descrive il concetto e il processo di rivitalizzazione del quartiere pi\u00f9 antico di Catania che contiene all&#8217;interno i suoi disegni e dipinti.<br \/>\n<\/span><\/p>\n<p style=\"text-align: justify;\"><em><span title=\"Moj\u0105 pasj\u0119 projektow\u0105, uzupe\u0142niam pasj\u0105 tw\u00f3rcz\u0105, zajmuj\u0119 si\u0119 tkanin\u0105 artystyczn\u0105, rysunkiem oraz malarstwem, a tak\u017ce prac\u0105 akademick\u0105.\">\u00a0<\/span><\/em><\/p>\n","protected":false},"excerpt":{"rendered":"<p>AKA Design \u00e8 stato fondato nel 2004 dalle 3 designer che l&#8217;anno prima hanno lasciato\u00a0 BEMARC Architekci, l&#8217;ufficio architettonico che in questo periodo effetuava i progetti delle grande catene di negozi delle marche polacche e tedesche come &#8222;Carry&#8221;, &#8222;House of Colours&#8221;, &#8222;New Yorker&#8221;, &#8222;Sanset Suits&#8221; o &#8222;Riserved&#8221;. I loro progetti di questo periodo hanno attirato &hellip; <\/p>\n<p class=\"link-more\"><a href=\"https:\/\/www.akadesign.com.pl\/index.php\/it\/su-di-noi\/\" class=\"more-link\">Czytaj dalej<span class=\"screen-reader-text\"> \u201eSu di noi\u201d<\/span><\/a><\/p>\n","protected":false},"author":1,"featured_media":91,"parent":0,"menu_order":0,"comment_status":"closed","ping_status":"closed","template":"","meta":{"footnotes":""},"_links":{"self":[{"href":"https:\/\/www.akadesign.com.pl\/index.php\/wp-json\/wp\/v2\/pages\/868"}],"collection":[{"href":"https:\/\/www.akadesign.com.pl\/index.php\/wp-json\/wp\/v2\/pages"}],"about":[{"href":"https:\/\/www.akadesign.com.pl\/index.php\/wp-json\/wp\/v2\/types\/page"}],"author":[{"embeddable":true,"href":"https:\/\/www.akadesign.com.pl\/index.php\/wp-json\/wp\/v2\/users\/1"}],"replies":[{"embeddable":true,"href":"https:\/\/www.akadesign.com.pl\/index.php\/wp-json\/wp\/v2\/comments?post=868"}],"version-history":[{"count":6,"href":"https:\/\/www.akadesign.com.pl\/index.php\/wp-json\/wp\/v2\/pages\/868\/revisions"}],"predecessor-version":[{"id":1053,"href":"https:\/\/www.akadesign.com.pl\/index.php\/wp-json\/wp\/v2\/pages\/868\/revisions\/1053"}],"wp:featuredmedia":[{"embeddable":true,"href":"https:\/\/www.akadesign.com.pl\/index.php\/wp-json\/wp\/v2\/media\/91"}],"wp:attachment":[{"href":"https:\/\/www.akadesign.com.pl\/index.php\/wp-json\/wp\/v2\/media?parent=868"}],"curies":[{"name":"wp","href":"https:\/\/api.w.org\/{rel}","templated":true}]}}