{"id":22,"date":"2018-08-31T11:36:27","date_gmt":"2018-08-31T11:36:27","guid":{"rendered":"http:\/\/akadesign.pl\/wordpress\/?page_id=22"},"modified":"2018-09-04T21:55:20","modified_gmt":"2018-09-04T21:55:20","slug":"sekcja-strony-glownej","status":"publish","type":"page","link":"https:\/\/www.akadesign.com.pl\/index.php\/sekcja-strony-glownej\/","title":{"rendered":"Oferta"},"content":{"rendered":"<p style=\"text-align: justify;\">AKA design oferuje projekty wn\u0119trz <strong>komercyjnych<\/strong> (sklepy, biura, stoiska targowe, scenografie eventowe, salony kosmetyczne, puby, restauracje, kawiarnie i dyskoteki, salony dentystyczne, szko\u0142y i przedszkola) oraz <strong>prywatnych<\/strong> (projekty dom\u00f3w jednorodzinnych i mieszka\u0144, przer\u00f3bki istniej\u0105cych wn\u0119trz, projekty indywidualnej zabudowy meblowej, kuchni, \u0142azienek) wraz z <strong>nadzorem autorskim<\/strong>, kompleksow\u0105 realizacj\u0105 nietypowych zabud\u00f3w i mebli autorskich.<br \/>\nW ofercie znajdziecie ponadto <strong>us\u0142ugi dekoratorskie<\/strong> (dob\u00f3r gotowych mebli, obraz\u00f3w, grafik, tapet, tkanin i element\u00f3w dekoracyjnych), <strong>konsultacyjne<\/strong> (konsultacje indywidualne, inspekcja nadzoru dla klienta korporacyjnego, konsultacje z zakresu <strong>merchandisingu<\/strong>), projektowanie kolorystyki i wyko\u0144czenia <strong>elewacji<\/strong> oraz ma\u0142ej architektury i grafiki informacyjnej oraz wizualizacji gotowych projekt\u00f3w.<\/p>\n<p style=\"text-align: justify;\">Naszym klientom oferujemy ponadto <strong>t\u0142umaczenia projekt\u00f3w z w\u0142oskiego<\/strong> i angielskiego z uwzgl\u0119dnieniem polskich przepis\u00f3w prawnych, a tak\u017ce pe\u0142n\u0105 obs\u0142ug\u0119 klienta zagranicznego w j\u0119zyku angielskim i w\u0142oskim.<\/p>\n<p style=\"text-align: justify;\">Etapy wsp\u00f3\u0142pracy:<\/p>\n<ol>\n<li style=\"text-align: justify;\">Spotkania z klientem: liczy si\u0119 ka\u017cdy szczeg\u00f3\u0142, oczekiwania, upodobania, a nawet osobiste wra\u017cenia<\/li>\n<li style=\"text-align: justify;\">Inwentaryzacja: je\u015bli klient nie dysponuje inwentaryzacj\u0105 lub dokumentacj\u0105 CAD niezb\u0119dne b\u0119dzie wykonanie inwentaryzacji na budowie<\/li>\n<li style=\"text-align: justify;\">Koncepcja: wizualizacje 3D + rzuty orientacyjne<\/li>\n<li style=\"text-align: justify;\">Inwentaryzacja wykonawcza: projektant musi kolejny raz upewni\u0107 si\u0119 w kwestii precyzyjnych wymiar\u00f3w z miejsca budowy, w oparciu o nie powstan\u0105 rysunki wykonawcze<\/li>\n<li style=\"text-align: justify;\">Dokumentacja wykonawcza: zaakceptowana koncepcja zostaje poddana obr\u00f3bce technicznej: rzuty, przekroje, k\u0142ady \u015bcian, zestawienia materia\u0142owe i kolorystyczne, specyfikacje sprz\u0119towe, opisy techniczne<\/li>\n<li style=\"text-align: justify;\">Nadz\u00f3r autorski, nadz\u00f3r inwestycyjny lub pe\u0142ne wykonawstwo: projekt trafia do wykonawc\u00f3w, a projektant rozpoczyna ostatni etap swojej pracy pomi\u0119dzy miejscem budowy, a warsztatami wykonuj\u0105cymi meble oraz inne elementy wyko\u0144czeniowe.<\/li>\n<\/ol>\n","protected":false},"excerpt":{"rendered":"<p>AKA design oferuje projekty wn\u0119trz komercyjnych (sklepy, biura, stoiska targowe, scenografie eventowe, salony kosmetyczne, puby, restauracje, kawiarnie i dyskoteki, salony dentystyczne, szko\u0142y i przedszkola) oraz prywatnych (projekty dom\u00f3w jednorodzinnych i mieszka\u0144, przer\u00f3bki istniej\u0105cych wn\u0119trz, projekty indywidualnej zabudowy meblowej, kuchni, \u0142azienek) wraz z nadzorem autorskim, kompleksow\u0105 realizacj\u0105 nietypowych zabud\u00f3w i mebli autorskich. W ofercie znajdziecie ponadto &hellip; <\/p>\n<p class=\"link-more\"><a href=\"https:\/\/www.akadesign.com.pl\/index.php\/sekcja-strony-glownej\/\" class=\"more-link\">Czytaj dalej<span class=\"screen-reader-text\"> \u201eOferta\u201d<\/span><\/a><\/p>\n","protected":false},"author":1,"featured_media":55,"parent":0,"menu_order":0,"comment_status":"closed","ping_status":"closed","template":"","meta":{"footnotes":""},"_links":{"self":[{"href":"https:\/\/www.akadesign.com.pl\/index.php\/wp-json\/wp\/v2\/pages\/22"}],"collection":[{"href":"https:\/\/www.akadesign.com.pl\/index.php\/wp-json\/wp\/v2\/pages"}],"about":[{"href":"https:\/\/www.akadesign.com.pl\/index.php\/wp-json\/wp\/v2\/types\/page"}],"author":[{"embeddable":true,"href":"https:\/\/www.akadesign.com.pl\/index.php\/wp-json\/wp\/v2\/users\/1"}],"replies":[{"embeddable":true,"href":"https:\/\/www.akadesign.com.pl\/index.php\/wp-json\/wp\/v2\/comments?post=22"}],"version-history":[{"count":8,"href":"https:\/\/www.akadesign.com.pl\/index.php\/wp-json\/wp\/v2\/pages\/22\/revisions"}],"predecessor-version":[{"id":844,"href":"https:\/\/www.akadesign.com.pl\/index.php\/wp-json\/wp\/v2\/pages\/22\/revisions\/844"}],"wp:featuredmedia":[{"embeddable":true,"href":"https:\/\/www.akadesign.com.pl\/index.php\/wp-json\/wp\/v2\/media\/55"}],"wp:attachment":[{"href":"https:\/\/www.akadesign.com.pl\/index.php\/wp-json\/wp\/v2\/media?parent=22"}],"curies":[{"name":"wp","href":"https:\/\/api.w.org\/{rel}","templated":true}]}}