{"id":20,"date":"2018-08-31T11:36:27","date_gmt":"2018-08-31T11:36:27","guid":{"rendered":"http:\/\/akadesign.pl\/wordpress\/?page_id=20"},"modified":"2023-07-31T13:49:31","modified_gmt":"2023-07-31T13:49:31","slug":"kontakt","status":"publish","type":"page","link":"https:\/\/www.akadesign.com.pl\/index.php\/kontakt\/","title":{"rendered":"Kontakt"},"content":{"rendered":"<p style=\"text-align: justify;\">aby skontaktowa\u0107 si\u0119 z projektantem zadzwo\u0144 pod numer:<br \/>\n+48 605 667454<br \/>\nlub wy\u015blij wiadomo\u015b\u0107 na adres:\u00a0 akadesign.poznan@gmail.com<\/p>\n","protected":false},"excerpt":{"rendered":"<p>aby skontaktowa\u0107 si\u0119 z projektantem zadzwo\u0144 pod numer: +48 605 667454 lub wy\u015blij wiadomo\u015b\u0107 na adres:\u00a0 akadesign.poznan@gmail.com<\/p>\n","protected":false},"author":1,"featured_media":66,"parent":0,"menu_order":0,"comment_status":"closed","ping_status":"closed","template":"","meta":{"footnotes":""},"_links":{"self":[{"href":"https:\/\/www.akadesign.com.pl\/index.php\/wp-json\/wp\/v2\/pages\/20"}],"collection":[{"href":"https:\/\/www.akadesign.com.pl\/index.php\/wp-json\/wp\/v2\/pages"}],"about":[{"href":"https:\/\/www.akadesign.com.pl\/index.php\/wp-json\/wp\/v2\/types\/page"}],"author":[{"embeddable":true,"href":"https:\/\/www.akadesign.com.pl\/index.php\/wp-json\/wp\/v2\/users\/1"}],"replies":[{"embeddable":true,"href":"https:\/\/www.akadesign.com.pl\/index.php\/wp-json\/wp\/v2\/comments?post=20"}],"version-history":[{"count":6,"href":"https:\/\/www.akadesign.com.pl\/index.php\/wp-json\/wp\/v2\/pages\/20\/revisions"}],"predecessor-version":[{"id":1097,"href":"https:\/\/www.akadesign.com.pl\/index.php\/wp-json\/wp\/v2\/pages\/20\/revisions\/1097"}],"wp:featuredmedia":[{"embeddable":true,"href":"https:\/\/www.akadesign.com.pl\/index.php\/wp-json\/wp\/v2\/media\/66"}],"wp:attachment":[{"href":"https:\/\/www.akadesign.com.pl\/index.php\/wp-json\/wp\/v2\/media?parent=20"}],"curies":[{"name":"wp","href":"https:\/\/api.w.org\/{rel}","templated":true}]}}