{"id":19,"date":"2018-08-31T11:36:27","date_gmt":"2018-08-31T11:36:27","guid":{"rendered":"http:\/\/akadesign.pl\/wordpress\/?page_id=19"},"modified":"2018-09-04T21:55:42","modified_gmt":"2018-09-04T21:55:42","slug":"o-nas","status":"publish","type":"page","link":"https:\/\/www.akadesign.com.pl\/index.php\/o-nas\/","title":{"rendered":"O nas"},"content":{"rendered":"<p style=\"text-align: justify;\">AKA design powsta\u0142o w 2004 roku, za\u0142o\u017cone przez 3 projektantki, kt\u00f3re rok wcze\u015bniej odesz\u0142y z Bemarc Architekci, firmy realizuj\u0105cej w tamtym okresie projekty du\u017cych sieci sklep\u00f3w &#8222;Carry&#8221;, &#8222;House of Colours&#8221;, &#8222;New Yorker&#8221; czy &#8222;Reserved&#8221;. Realizacje projekt\u00f3w z tego okresu przyci\u0105gn\u0119\u0142y po raz pierwszy zainteresowanie medi\u00f3w, w presti\u017cowym miesi\u0119czniku &#8222;Architektura&#8221; 9\/2001 ukaza\u0142 si\u0119 wtedy artyku\u0142 &#8222;Dyskretny urok elegancji&#8221;, w kt\u00f3rym umieszczono zdj\u0119cia sklep\u00f3w &#8222;Carry&#8221;.<br \/>\nW 2004, \u015bwietnie oceniane autorskie stoisko dla Galerii LEGE z meblami AKA design przyci\u0105gn\u0119\u0142o zainteresowanie producenta telewizyjnego. W 2004 i 2005 roku biuro zaprojektowa\u0142o dwa studia telewizyjne TV Biznes najpierw w Poznaniu, nast\u0119pnie w Warszawie, a od sierpnia 2009 do wrze\u015bnia 2010\u00a0 roku jego projekty by\u0142y bohaterami program\u00f3w telewizyjnych &#8222;4 \u015bciany&#8221; oraz dw\u00f3ch edycji &#8222;Apartament\u00f3w Gwiazd&#8221; z udzia\u0142em m.in. Filipa Bajona czy Waldemara Nogalskiego.<\/p>\n<p style=\"text-align: justify;\">W 2018 roku nak\u0142adem stowarzyszenia kulturalnego I.M.IDE. ukaza\u0142a si\u0119 ksi\u0105\u017cka wsp\u00f3\u0142autorstwa Joanny Bartkowiak &#8222;U Cussu. Luoghi e racconti identitari del quartiere Antico Corso di Catania&#8221; opisuj\u0105ca koncepcj\u0119 i proces rewitalizacji najstarszej dzielnicy Katanii (Sycylia).<\/p>\n<p style=\"text-align: justify;\"><em>Moj\u0105 pasj\u0119 projektow\u0105, uzupe\u0142niam pasj\u0105 tw\u00f3rcz\u0105, zajmuj\u0119 si\u0119 tkanin\u0105 artystyczn\u0105, rysunkiem oraz malarstwem, a tak\u017ce prac\u0105 akademick\u0105. W 2018 roku w ramach sta\u017cu na Uniwersytecie w Katanii we W\u0142oszech pe\u0142ni\u0142am funkcj\u0119 asystentki prof. Vittorio Fiore oraz sprawowa\u0142am opiek\u0119 nad studentami w przygotowywaniu wystawy retrospekcyjnej teatru w Syrakuzach &#8222;Antica Mirabilia&#8221;<\/em>. (JB)<\/p>\n","protected":false},"excerpt":{"rendered":"<p>AKA design powsta\u0142o w 2004 roku, za\u0142o\u017cone przez 3 projektantki, kt\u00f3re rok wcze\u015bniej odesz\u0142y z Bemarc Architekci, firmy realizuj\u0105cej w tamtym okresie projekty du\u017cych sieci sklep\u00f3w &#8222;Carry&#8221;, &#8222;House of Colours&#8221;, &#8222;New Yorker&#8221; czy &#8222;Reserved&#8221;. Realizacje projekt\u00f3w z tego okresu przyci\u0105gn\u0119\u0142y po raz pierwszy zainteresowanie medi\u00f3w, w presti\u017cowym miesi\u0119czniku &#8222;Architektura&#8221; 9\/2001 ukaza\u0142 si\u0119 wtedy artyku\u0142 &#8222;Dyskretny &hellip; <\/p>\n<p class=\"link-more\"><a href=\"https:\/\/www.akadesign.com.pl\/index.php\/o-nas\/\" class=\"more-link\">Czytaj dalej<span class=\"screen-reader-text\"> \u201eO nas\u201d<\/span><\/a><\/p>\n","protected":false},"author":1,"featured_media":91,"parent":0,"menu_order":0,"comment_status":"closed","ping_status":"closed","template":"","meta":{"footnotes":""},"_links":{"self":[{"href":"https:\/\/www.akadesign.com.pl\/index.php\/wp-json\/wp\/v2\/pages\/19"}],"collection":[{"href":"https:\/\/www.akadesign.com.pl\/index.php\/wp-json\/wp\/v2\/pages"}],"about":[{"href":"https:\/\/www.akadesign.com.pl\/index.php\/wp-json\/wp\/v2\/types\/page"}],"author":[{"embeddable":true,"href":"https:\/\/www.akadesign.com.pl\/index.php\/wp-json\/wp\/v2\/users\/1"}],"replies":[{"embeddable":true,"href":"https:\/\/www.akadesign.com.pl\/index.php\/wp-json\/wp\/v2\/comments?post=19"}],"version-history":[{"count":8,"href":"https:\/\/www.akadesign.com.pl\/index.php\/wp-json\/wp\/v2\/pages\/19\/revisions"}],"predecessor-version":[{"id":845,"href":"https:\/\/www.akadesign.com.pl\/index.php\/wp-json\/wp\/v2\/pages\/19\/revisions\/845"}],"wp:featuredmedia":[{"embeddable":true,"href":"https:\/\/www.akadesign.com.pl\/index.php\/wp-json\/wp\/v2\/media\/91"}],"wp:attachment":[{"href":"https:\/\/www.akadesign.com.pl\/index.php\/wp-json\/wp\/v2\/media?parent=19"}],"curies":[{"name":"wp","href":"https:\/\/api.w.org\/{rel}","templated":true}]}}