{"id":18,"date":"2018-08-31T11:36:27","date_gmt":"2018-08-31T11:36:27","guid":{"rendered":"https:\/\/akadesign.com.pl\/?page_id=18"},"modified":"2018-09-04T21:58:17","modified_gmt":"2018-09-04T21:58:17","slug":"strona-glowna","status":"publish","type":"page","link":"https:\/\/www.akadesign.com.pl\/","title":{"rendered":"Strona g\u0142\u00f3wna"},"content":{"rendered":"<p style=\"text-align: justify;\">Witamy na stronie studia projektowego AKA design.<br \/>\nOd 2004 roku firma zrealizowa\u0142a oko\u0142o 200 projekt\u00f3w indywidualnych wn\u0119trz komercyjnych i niekomercyjnych. Dbaj\u0105c o komfort klienta, od samego pocz\u0105tku istnienia AKA design oferuje kompleksow\u0105 realizacj\u0119 i nadz\u00f3r autorski.<br \/>\nW portfolio AKA design znajduje si\u0119 ponad 15 tys. m2 zaprojektowanych i zrealizowanych powierzchni sklep\u00f3w, pasa\u017cy handlowych, biur oraz lokali gastronomicznych , a tak\u017ce niepowtarzalnych dom\u00f3w i wn\u0119trz prywatnych apartament\u00f3w.<br \/>\nZawsze b\u0119dziemy otwarci na wszelkie nietypowe rozwi\u0105zania materia\u0142owe i odwa\u017cne posuni\u0119cia kolorystyczne, realizacja musi by\u0107 maksymalnie wierna projektowi a projekt musi uwzgl\u0119dnia\u0107 portfel inwestora oraz mo\u017cliwo\u015bci produkcyjne.<\/p>\n","protected":false},"excerpt":{"rendered":"<p>Witamy na stronie studia projektowego AKA design. Od 2004 roku firma zrealizowa\u0142a oko\u0142o 200 projekt\u00f3w indywidualnych wn\u0119trz komercyjnych i niekomercyjnych. Dbaj\u0105c o komfort klienta, od samego pocz\u0105tku istnienia AKA design oferuje kompleksow\u0105 realizacj\u0119 i nadz\u00f3r autorski. W portfolio AKA design znajduje si\u0119 ponad 15 tys. m2 zaprojektowanych i zrealizowanych powierzchni sklep\u00f3w, pasa\u017cy handlowych, biur oraz &hellip; <\/p>\n<p class=\"link-more\"><a href=\"https:\/\/www.akadesign.com.pl\/\" class=\"more-link\">Czytaj dalej<span class=\"screen-reader-text\"> \u201eStrona g\u0142\u00f3wna\u201d<\/span><\/a><\/p>\n","protected":false},"author":1,"featured_media":84,"parent":0,"menu_order":0,"comment_status":"closed","ping_status":"closed","template":"","meta":{"footnotes":""},"_links":{"self":[{"href":"https:\/\/www.akadesign.com.pl\/index.php\/wp-json\/wp\/v2\/pages\/18"}],"collection":[{"href":"https:\/\/www.akadesign.com.pl\/index.php\/wp-json\/wp\/v2\/pages"}],"about":[{"href":"https:\/\/www.akadesign.com.pl\/index.php\/wp-json\/wp\/v2\/types\/page"}],"author":[{"embeddable":true,"href":"https:\/\/www.akadesign.com.pl\/index.php\/wp-json\/wp\/v2\/users\/1"}],"replies":[{"embeddable":true,"href":"https:\/\/www.akadesign.com.pl\/index.php\/wp-json\/wp\/v2\/comments?post=18"}],"version-history":[{"count":4,"href":"https:\/\/www.akadesign.com.pl\/index.php\/wp-json\/wp\/v2\/pages\/18\/revisions"}],"predecessor-version":[{"id":850,"href":"https:\/\/www.akadesign.com.pl\/index.php\/wp-json\/wp\/v2\/pages\/18\/revisions\/850"}],"wp:featuredmedia":[{"embeddable":true,"href":"https:\/\/www.akadesign.com.pl\/index.php\/wp-json\/wp\/v2\/media\/84"}],"wp:attachment":[{"href":"https:\/\/www.akadesign.com.pl\/index.php\/wp-json\/wp\/v2\/media?parent=18"}],"curies":[{"name":"wp","href":"https:\/\/api.w.org\/{rel}","templated":true}]}}